{"id":5,"date":"2023-04-13T13:35:47","date_gmt":"2023-04-13T11:35:47","guid":{"rendered":"https:\/\/pavelvacha.com\/?page_id=5"},"modified":"2026-04-13T14:45:26","modified_gmt":"2026-04-13T12:45:26","slug":"cenik","status":"publish","type":"page","link":"https:\/\/pavelvacha.com\/index.php\/cenik\/","title":{"rendered":"Cen\u00edk"},"content":{"rendered":"\t\t<div data-elementor-type=\"wp-page\" data-elementor-id=\"5\" class=\"elementor elementor-5\">\n\t\t\t\t<div class=\"elementor-element elementor-element-5548d98 e-flex e-con-boxed e-con e-parent\" data-id=\"5548d98\" data-element_type=\"container\" data-e-type=\"container\">\n\t\t\t\t\t<div class=\"e-con-inner\">\n\t\t<div class=\"elementor-element elementor-element-3cfa8f6 e-con-full e-flex e-con e-child\" data-id=\"3cfa8f6\" data-element_type=\"container\" data-e-type=\"container\">\n\t\t<div class=\"elementor-element elementor-element-e05ce00 e-con-full e-flex e-con e-child\" data-id=\"e05ce00\" data-element_type=\"container\" data-e-type=\"container\" data-settings=\"{&quot;background_background&quot;:&quot;classic&quot;}\">\n\t\t\t\t<div class=\"elementor-element elementor-element-cfa4102 elementor-widget elementor-widget-heading\" data-id=\"cfa4102\" data-element_type=\"widget\" data-e-type=\"widget\" data-widget_type=\"heading.default\">\n\t\t\t\t<div class=\"elementor-widget-container\">\n\t\t\t\t\t<h4 class=\"elementor-heading-title elementor-size-default\">Individu\u00e1ln\u00ed<\/h4>\t\t\t\t<\/div>\n\t\t\t\t<\/div>\n\t\t\t\t<div class=\"elementor-element elementor-element-b7582b3 elementor-widget-divider--view-line elementor-widget elementor-widget-divider\" data-id=\"b7582b3\" data-element_type=\"widget\" data-e-type=\"widget\" data-widget_type=\"divider.default\">\n\t\t\t\t<div class=\"elementor-widget-container\">\n\t\t\t\t\t\t\t<div class=\"elementor-divider\">\n\t\t\t<span class=\"elementor-divider-separator\">\n\t\t\t\t\t\t<\/span>\n\t\t<\/div>\n\t\t\t\t\t\t<\/div>\n\t\t\t\t<\/div>\n\t\t\t\t<div class=\"elementor-element elementor-element-06804ef elementor-widget elementor-widget-text-editor\" data-id=\"06804ef\" data-element_type=\"widget\" data-e-type=\"widget\" data-widget_type=\"text-editor.default\">\n\t\t\t\t<div class=\"elementor-widget-container\">\n\t\t\t\t\t\t\t\t\t<p>terapie\/poradenstv\u00ed<\/p><p>60 min <strong>1500 K\u010d<br \/><\/strong><\/p><p>90 min 20<strong>00 K\u010d<br \/><\/strong><\/p><p>studenti <strong>1300 K\u010d<br \/><\/strong><\/p>\t\t\t\t\t\t\t\t<\/div>\n\t\t\t\t<\/div>\n\t\t\t\t<\/div>\n\t\t<div class=\"elementor-element elementor-element-7c6ef99 e-con-full e-flex e-con e-child\" data-id=\"7c6ef99\" data-element_type=\"container\" data-e-type=\"container\" data-settings=\"{&quot;background_background&quot;:&quot;classic&quot;}\">\n\t\t\t\t<div class=\"elementor-element elementor-element-9c489bc elementor-widget elementor-widget-heading\" data-id=\"9c489bc\" data-element_type=\"widget\" data-e-type=\"widget\" data-widget_type=\"heading.default\">\n\t\t\t\t<div class=\"elementor-widget-container\">\n\t\t\t\t\t<h4 class=\"elementor-heading-title elementor-size-default\">P\u00e1rov\u00e1<\/h4>\t\t\t\t<\/div>\n\t\t\t\t<\/div>\n\t\t\t\t<div class=\"elementor-element elementor-element-964ecce elementor-widget-divider--view-line elementor-widget elementor-widget-divider\" data-id=\"964ecce\" data-element_type=\"widget\" data-e-type=\"widget\" data-widget_type=\"divider.default\">\n\t\t\t\t<div class=\"elementor-widget-container\">\n\t\t\t\t\t\t\t<div class=\"elementor-divider\">\n\t\t\t<span class=\"elementor-divider-separator\">\n\t\t\t\t\t\t<\/span>\n\t\t<\/div>\n\t\t\t\t\t\t<\/div>\n\t\t\t\t<\/div>\n\t\t\t\t<div class=\"elementor-element elementor-element-858b451 elementor-widget elementor-widget-text-editor\" data-id=\"858b451\" data-element_type=\"widget\" data-e-type=\"widget\" data-widget_type=\"text-editor.default\">\n\t\t\t\t<div class=\"elementor-widget-container\">\n\t\t\t\t\t\t\t\t\t<p>terapie\/poradenstv\u00ed<\/p><p>60 min <strong>1600 K\u010d<\/strong><\/p><p>90 min <strong>2200 K\u010d<br \/><\/strong><\/p>\t\t\t\t\t\t\t\t<\/div>\n\t\t\t\t<\/div>\n\t\t\t\t<\/div>\n\t\t<div class=\"elementor-element elementor-element-9c40ed1 e-con-full e-flex e-con e-child\" data-id=\"9c40ed1\" data-element_type=\"container\" data-e-type=\"container\" data-settings=\"{&quot;background_background&quot;:&quot;classic&quot;}\">\n\t\t\t\t<div class=\"elementor-element elementor-element-e8a8f3e elementor-widget elementor-widget-heading\" data-id=\"e8a8f3e\" data-element_type=\"widget\" data-e-type=\"widget\" data-widget_type=\"heading.default\">\n\t\t\t\t<div class=\"elementor-widget-container\">\n\t\t\t\t\t<h4 class=\"elementor-heading-title elementor-size-default\">P\u00e1rov\u00e1 se 2 terapeuty<\/h4>\t\t\t\t<\/div>\n\t\t\t\t<\/div>\n\t\t\t\t<div class=\"elementor-element elementor-element-6a07ac3 elementor-widget-divider--view-line elementor-widget elementor-widget-divider\" data-id=\"6a07ac3\" data-element_type=\"widget\" data-e-type=\"widget\" data-widget_type=\"divider.default\">\n\t\t\t\t<div class=\"elementor-widget-container\">\n\t\t\t\t\t\t\t<div class=\"elementor-divider\">\n\t\t\t<span class=\"elementor-divider-separator\">\n\t\t\t\t\t\t<\/span>\n\t\t<\/div>\n\t\t\t\t\t\t<\/div>\n\t\t\t\t<\/div>\n\t\t\t\t<div class=\"elementor-element elementor-element-9d85503 elementor-widget elementor-widget-text-editor\" data-id=\"9d85503\" data-element_type=\"widget\" data-e-type=\"widget\" data-widget_type=\"text-editor.default\">\n\t\t\t\t<div class=\"elementor-widget-container\">\n\t\t\t\t\t\t\t\t\t<p>60 min <strong>2900 K\u010d<\/strong><\/p><p>90 min <strong>3700 K\u010d<\/strong><\/p>\t\t\t\t\t\t\t\t<\/div>\n\t\t\t\t<\/div>\n\t\t\t\t<\/div>\n\t\t\t\t<\/div>\n\t\t<div class=\"elementor-element elementor-element-a2a252a e-con-full e-flex e-con e-child\" data-id=\"a2a252a\" data-element_type=\"container\" data-e-type=\"container\">\n\t\t<div class=\"elementor-element elementor-element-95a9875 e-con-full e-flex e-con e-child\" data-id=\"95a9875\" data-element_type=\"container\" data-e-type=\"container\" data-settings=\"{&quot;background_background&quot;:&quot;classic&quot;}\">\n\t\t\t\t<div class=\"elementor-element elementor-element-0d6ba67 elementor-widget elementor-widget-heading\" data-id=\"0d6ba67\" data-element_type=\"widget\" data-e-type=\"widget\" data-widget_type=\"heading.default\">\n\t\t\t\t<div class=\"elementor-widget-container\">\n\t\t\t\t\t<h4 class=\"elementor-heading-title elementor-size-default\">Kurzy a \u0161kolen\u00ed<\/h4>\t\t\t\t<\/div>\n\t\t\t\t<\/div>\n\t\t\t\t<div class=\"elementor-element elementor-element-00fcbb3 elementor-widget-divider--view-line elementor-widget elementor-widget-divider\" data-id=\"00fcbb3\" data-element_type=\"widget\" data-e-type=\"widget\" data-widget_type=\"divider.default\">\n\t\t\t\t<div class=\"elementor-widget-container\">\n\t\t\t\t\t\t\t<div class=\"elementor-divider\">\n\t\t\t<span class=\"elementor-divider-separator\">\n\t\t\t\t\t\t<\/span>\n\t\t<\/div>\n\t\t\t\t\t\t<\/div>\n\t\t\t\t<\/div>\n\t\t\t\t<div class=\"elementor-element elementor-element-b48b117 elementor-widget elementor-widget-text-editor\" data-id=\"b48b117\" data-element_type=\"widget\" data-e-type=\"widget\" data-widget_type=\"text-editor.default\">\n\t\t\t\t<div class=\"elementor-widget-container\">\n\t\t\t\t\t\t\t\t\t<p>1 den <strong>18 500 K\u010d<\/strong><\/p><p>2 dny <strong>35 000<\/strong> <strong>K\u010d<\/strong><\/p>\t\t\t\t\t\t\t\t<\/div>\n\t\t\t\t<\/div>\n\t\t\t\t<\/div>\n\t\t<div class=\"elementor-element elementor-element-5d8cdbd e-con-full e-flex e-con e-child\" data-id=\"5d8cdbd\" data-element_type=\"container\" data-e-type=\"container\" data-settings=\"{&quot;background_background&quot;:&quot;classic&quot;}\">\n\t\t\t\t<div class=\"elementor-element elementor-element-5de3496 elementor-widget elementor-widget-heading\" data-id=\"5de3496\" data-element_type=\"widget\" data-e-type=\"widget\" data-widget_type=\"heading.default\">\n\t\t\t\t<div class=\"elementor-widget-container\">\n\t\t\t\t\t<h4 class=\"elementor-heading-title elementor-size-default\">Kou\u010dink<\/h4>\t\t\t\t<\/div>\n\t\t\t\t<\/div>\n\t\t\t\t<div class=\"elementor-element elementor-element-e79981c elementor-widget-divider--view-line elementor-widget elementor-widget-divider\" data-id=\"e79981c\" data-element_type=\"widget\" data-e-type=\"widget\" data-widget_type=\"divider.default\">\n\t\t\t\t<div class=\"elementor-widget-container\">\n\t\t\t\t\t\t\t<div class=\"elementor-divider\">\n\t\t\t<span class=\"elementor-divider-separator\">\n\t\t\t\t\t\t<\/span>\n\t\t<\/div>\n\t\t\t\t\t\t<\/div>\n\t\t\t\t<\/div>\n\t\t\t\t<div class=\"elementor-element elementor-element-2203293 elementor-widget elementor-widget-text-editor\" data-id=\"2203293\" data-element_type=\"widget\" data-e-type=\"widget\" data-widget_type=\"text-editor.default\">\n\t\t\t\t<div class=\"elementor-widget-container\">\n\t\t\t\t\t\t\t\t\t<p>60 min <strong>2 500 K\u010d<\/strong><\/p>\t\t\t\t\t\t\t\t<\/div>\n\t\t\t\t<\/div>\n\t\t\t\t<\/div>\n\t\t\t\t<\/div>\n\t\t\t\t\t<\/div>\n\t\t\t\t<\/div>\n\t\t<div class=\"elementor-element elementor-element-71a5586 e-flex e-con-boxed e-con e-parent\" data-id=\"71a5586\" data-element_type=\"container\" data-e-type=\"container\">\n\t\t\t\t\t<div class=\"e-con-inner\">\n\t\t\t\t<div class=\"elementor-element elementor-element-8c8b556 elementor-widget elementor-widget-text-editor\" data-id=\"8c8b556\" data-element_type=\"widget\" data-e-type=\"widget\" data-widget_type=\"text-editor.default\">\n\t\t\t\t<div class=\"elementor-widget-container\">\n\t\t\t\t\t\t\t\t\t<p><strong>mo\u017enost telefonick\u00e9 nebo on-line konzultace<\/strong><\/p>\t\t\t\t\t\t\t\t<\/div>\n\t\t\t\t<\/div>\n\t\t\t\t\t<\/div>\n\t\t\t\t<\/div>\n\t\t<div class=\"elementor-element elementor-element-8d16791 e-flex e-con-boxed e-con e-parent\" data-id=\"8d16791\" data-element_type=\"container\" data-e-type=\"container\">\n\t\t\t\t\t<div class=\"e-con-inner\">\n\t\t<div class=\"elementor-element elementor-element-3449f37 e-con-full e-flex e-con e-child\" data-id=\"3449f37\" data-element_type=\"container\" data-e-type=\"container\">\n\t\t<div class=\"elementor-element elementor-element-9087e25 e-con-full e-flex e-con e-child\" data-id=\"9087e25\" data-element_type=\"container\" data-e-type=\"container\" data-settings=\"{&quot;background_background&quot;:&quot;classic&quot;}\">\n\t\t\t\t<div class=\"elementor-element elementor-element-77bbb9a elementor-widget elementor-widget-heading\" data-id=\"77bbb9a\" data-element_type=\"widget\" data-e-type=\"widget\" data-widget_type=\"heading.default\">\n\t\t\t\t<div class=\"elementor-widget-container\">\n\t\t\t\t\t<h4 class=\"elementor-heading-title elementor-size-default\">Individu\u00e1ln\u00ed terapie zv\u00fdhodn\u011bn\u00fd bal\u00ed\u010dek<\/h4>\t\t\t\t<\/div>\n\t\t\t\t<\/div>\n\t\t\t\t<div class=\"elementor-element elementor-element-bde14cb elementor-widget-divider--view-line elementor-widget elementor-widget-divider\" data-id=\"bde14cb\" data-element_type=\"widget\" data-e-type=\"widget\" data-widget_type=\"divider.default\">\n\t\t\t\t<div class=\"elementor-widget-container\">\n\t\t\t\t\t\t\t<div class=\"elementor-divider\">\n\t\t\t<span class=\"elementor-divider-separator\">\n\t\t\t\t\t\t<\/span>\n\t\t<\/div>\n\t\t\t\t\t\t<\/div>\n\t\t\t\t<\/div>\n\t\t\t\t<div class=\"elementor-element elementor-element-2669a3d elementor-widget elementor-widget-text-editor\" data-id=\"2669a3d\" data-element_type=\"widget\" data-e-type=\"widget\" data-widget_type=\"text-editor.default\">\n\t\t\t\t<div class=\"elementor-widget-container\">\n\t\t\t\t\t\t\t\t\t<p>6 sezen\u00ed (<strong>10% sleva<\/strong>) <strong>8100 K\u010d<\/strong><br \/>10 sezen\u00ed (<strong>20% sleva<\/strong>) <strong>12 750 K\u010d<\/strong><\/p>\t\t\t\t\t\t\t\t<\/div>\n\t\t\t\t<\/div>\n\t\t\t\t<\/div>\n\t\t\t\t<\/div>\n\t\t<div class=\"elementor-element elementor-element-984e41e e-con-full e-flex e-con e-child\" data-id=\"984e41e\" data-element_type=\"container\" data-e-type=\"container\">\n\t\t<div class=\"elementor-element elementor-element-a847047 e-con-full e-flex e-con e-child\" data-id=\"a847047\" data-element_type=\"container\" data-e-type=\"container\" data-settings=\"{&quot;background_background&quot;:&quot;classic&quot;}\">\n\t\t\t\t<div class=\"elementor-element elementor-element-6d2e4cb elementor-widget elementor-widget-heading\" data-id=\"6d2e4cb\" data-element_type=\"widget\" data-e-type=\"widget\" data-widget_type=\"heading.default\">\n\t\t\t\t<div class=\"elementor-widget-container\">\n\t\t\t\t\t<h4 class=\"elementor-heading-title elementor-size-default\">Kou\u010dink zv\u00fdhodn\u011bn\u00fd bal\u00ed\u010dek<\/h4>\t\t\t\t<\/div>\n\t\t\t\t<\/div>\n\t\t\t\t<div class=\"elementor-element elementor-element-fe4c727 elementor-widget-divider--view-line elementor-widget elementor-widget-divider\" data-id=\"fe4c727\" data-element_type=\"widget\" data-e-type=\"widget\" data-widget_type=\"divider.default\">\n\t\t\t\t<div class=\"elementor-widget-container\">\n\t\t\t\t\t\t\t<div class=\"elementor-divider\">\n\t\t\t<span class=\"elementor-divider-separator\">\n\t\t\t\t\t\t<\/span>\n\t\t<\/div>\n\t\t\t\t\t\t<\/div>\n\t\t\t\t<\/div>\n\t\t\t\t<div class=\"elementor-element elementor-element-ca0720b elementor-widget elementor-widget-text-editor\" data-id=\"ca0720b\" data-element_type=\"widget\" data-e-type=\"widget\" data-widget_type=\"text-editor.default\">\n\t\t\t\t<div class=\"elementor-widget-container\">\n\t\t\t\t\t\t\t\t\t<p>4 kou\u010dovac\u00ed setk\u00e1n\u00ed (<strong>10% sleva<\/strong>) <strong>9000 K\u010d<\/strong><\/p><p>7 kou\u010dovac\u00edch setk\u00e1n\u00ed (<strong>15% sleva<\/strong>) <strong>14 875 K\u010d<\/strong><\/p>\t\t\t\t\t\t\t\t<\/div>\n\t\t\t\t<\/div>\n\t\t\t\t<\/div>\n\t\t\t\t<\/div>\n\t\t\t\t\t<\/div>\n\t\t\t\t<\/div>\n\t\t<div class=\"elementor-element elementor-element-3d076f1 e-flex e-con-boxed e-con e-parent\" data-id=\"3d076f1\" data-element_type=\"container\" data-e-type=\"container\">\n\t\t\t\t\t<div class=\"e-con-inner\">\n\t\t\t\t<div class=\"elementor-element elementor-element-aa65f9a elementor-widget elementor-widget-spacer\" data-id=\"aa65f9a\" data-element_type=\"widget\" data-e-type=\"widget\" data-widget_type=\"spacer.default\">\n\t\t\t\t<div class=\"elementor-widget-container\">\n\t\t\t\t\t\t\t<div class=\"elementor-spacer\">\n\t\t\t<div class=\"elementor-spacer-inner\"><\/div>\n\t\t<\/div>\n\t\t\t\t\t\t<\/div>\n\t\t\t\t<\/div>\n\t\t\t\t\t<\/div>\n\t\t\t\t<\/div>\n\t\t<div class=\"elementor-element elementor-element-1e9f7ad e-flex e-con-boxed e-con e-parent\" data-id=\"1e9f7ad\" data-element_type=\"container\" data-e-type=\"container\">\n\t\t\t\t\t<div class=\"e-con-inner\">\n\t\t\t\t<div class=\"elementor-element elementor-element-e7c4845 elementor-widget elementor-widget-text-editor\" data-id=\"e7c4845\" data-element_type=\"widget\" data-e-type=\"widget\" data-widget_type=\"text-editor.default\">\n\t\t\t\t<div class=\"elementor-widget-container\">\n\t\t\t\t\t\t\t\t\t<h5>Storno poplatky:<\/h5><ul><li>Term\u00edn konzultace je mo\u017en\u00e9 bezplatn\u011b zru\u0161it 72 pracovn\u00edch hodin p\u0159edem<\/li><li>P\u0159i pozd\u011bj\u0161\u00edm zru\u0161en\u00ed konzultace hrad\u00ed klient konzultaci v pln\u00e9 v\u00fd\u0161i<\/li><li>Platbu za pozd\u011b zru\u0161enou konzultaci nelze zapo\u010d\u00edtat do p\u0159\u00edsp\u011bvku z programu VZP, \u010cPZP, ZP MV\u010cR, OZP<\/li><li>Konzultace za\u010d\u00edn\u00e1 i kon\u010d\u00ed v dohodnut\u00e9m term\u00ednu<\/li><li>V\u0161echny konzultace prob\u00edhaj\u00ed jen na z\u00e1klad\u011b p\u0159edem domluven\u00e9ho term\u00ednu<\/li><li>Platba za sezen\u00ed je 72 pracovn\u00edch hodin p\u0159edem bezhotovostn\u011b p\u0159evodem na \u00fa\u010det<\/li><\/ul><p><strong><em>GDPR:\u00a0 Neshroma\u017e\u010fuji informace o <\/em><\/strong><strong><em>klientech ve form\u011b st\u00e1l\u00e9 evidence.<\/em><\/strong><\/p>\t\t\t\t\t\t\t\t<\/div>\n\t\t\t\t<\/div>\n\t\t\t\t\t<\/div>\n\t\t\t\t<\/div>\n\t\t\t\t<\/div>\n\t\t","protected":false},"excerpt":{"rendered":"<p>Individu\u00e1ln\u00ed terapie\/poradenstv\u00ed 60 min 1500 K\u010d 90 min 2000 K\u010d studenti 1300 K\u010d P\u00e1rov\u00e1 terapie\/poradenstv\u00ed 60 min 1600 K\u010d 90 min 2200 K\u010d P\u00e1rov\u00e1 se 2 terapeuty 60 min 2900 K\u010d 90 min 3700 K\u010d Kurzy a \u0161kolen\u00ed 1 den 18 500 K\u010d 2 dny 35 000 K\u010d Kou\u010dink 60 min 2 500 K\u010d mo\u017enost [&hellip;]<\/p>\n","protected":false},"author":1,"featured_media":0,"parent":0,"menu_order":0,"comment_status":"closed","ping_status":"closed","template":"","meta":{"footnotes":""},"class_list":["post-5","page","type-page","status-publish","hentry"],"yoast_head":"<!-- This site is optimized with the Yoast SEO plugin v27.3 - https:\/\/yoast.com\/product\/yoast-seo-wordpress\/ -->\n<title>Cen\u00edk - Psychoterapie a kou\u010ding v Praze<\/title>\n<meta name=\"robots\" content=\"index, follow, max-snippet:-1, max-image-preview:large, max-video-preview:-1\" \/>\n<link rel=\"canonical\" href=\"https:\/\/pavelvacha.com\/index.php\/cenik\/\" \/>\n<meta property=\"og:locale\" content=\"cs_CZ\" \/>\n<meta property=\"og:type\" content=\"article\" \/>\n<meta property=\"og:title\" content=\"Cen\u00edk - Psychoterapie a kou\u010ding v Praze\" \/>\n<meta property=\"og:description\" content=\"Individu\u00e1ln\u00ed terapie\/poradenstv\u00ed 60 min 1500 K\u010d 90 min 2000 K\u010d studenti 1300 K\u010d P\u00e1rov\u00e1 terapie\/poradenstv\u00ed 60 min 1600 K\u010d 90 min 2200 K\u010d P\u00e1rov\u00e1 se 2 terapeuty 60 min 2900 K\u010d 90 min 3700 K\u010d Kurzy a \u0161kolen\u00ed 1 den 18 500 K\u010d 2 dny 35 000 K\u010d Kou\u010dink 60 min 2 500 K\u010d mo\u017enost [&hellip;]\" \/>\n<meta property=\"og:url\" content=\"https:\/\/pavelvacha.com\/index.php\/cenik\/\" \/>\n<meta property=\"og:site_name\" content=\"Psychoterapie a kou\u010ding v Praze\" \/>\n<meta property=\"article:modified_time\" content=\"2026-04-13T12:45:26+00:00\" \/>\n<meta name=\"twitter:card\" content=\"summary_large_image\" \/>\n<meta name=\"twitter:label1\" content=\"Odhadovan\u00e1 doba \u010dten\u00ed\" \/>\n\t<meta name=\"twitter:data1\" content=\"1 minuta\" \/>\n<script type=\"application\/ld+json\" class=\"yoast-schema-graph\">{\"@context\":\"https:\\\/\\\/schema.org\",\"@graph\":[{\"@type\":\"WebPage\",\"@id\":\"https:\\\/\\\/pavelvacha.com\\\/index.php\\\/cenik\\\/\",\"url\":\"https:\\\/\\\/pavelvacha.com\\\/index.php\\\/cenik\\\/\",\"name\":\"Cen\u00edk - Psychoterapie a kou\u010ding v Praze\",\"isPartOf\":{\"@id\":\"https:\\\/\\\/pavelvacha.com\\\/#website\"},\"datePublished\":\"2023-04-13T11:35:47+00:00\",\"dateModified\":\"2026-04-13T12:45:26+00:00\",\"breadcrumb\":{\"@id\":\"https:\\\/\\\/pavelvacha.com\\\/index.php\\\/cenik\\\/#breadcrumb\"},\"inLanguage\":\"cs\",\"potentialAction\":[{\"@type\":\"ReadAction\",\"target\":[\"https:\\\/\\\/pavelvacha.com\\\/index.php\\\/cenik\\\/\"]}]},{\"@type\":\"BreadcrumbList\",\"@id\":\"https:\\\/\\\/pavelvacha.com\\\/index.php\\\/cenik\\\/#breadcrumb\",\"itemListElement\":[{\"@type\":\"ListItem\",\"position\":1,\"name\":\"Dom\u016f\",\"item\":\"https:\\\/\\\/pavelvacha.com\\\/\"},{\"@type\":\"ListItem\",\"position\":2,\"name\":\"Cen\u00edk\"}]},{\"@type\":\"WebSite\",\"@id\":\"https:\\\/\\\/pavelvacha.com\\\/#website\",\"url\":\"https:\\\/\\\/pavelvacha.com\\\/\",\"name\":\"Psychoterapie a kou\u010ding v Praze\",\"description\":\"pomohu v\u00e1m pracovat se stresem, smutkem\",\"publisher\":{\"@id\":\"https:\\\/\\\/pavelvacha.com\\\/#\\\/schema\\\/person\\\/4fea209703d1082e110f4580fda6874f\"},\"potentialAction\":[{\"@type\":\"SearchAction\",\"target\":{\"@type\":\"EntryPoint\",\"urlTemplate\":\"https:\\\/\\\/pavelvacha.com\\\/?s={search_term_string}\"},\"query-input\":{\"@type\":\"PropertyValueSpecification\",\"valueRequired\":true,\"valueName\":\"search_term_string\"}}],\"inLanguage\":\"cs\"},{\"@type\":[\"Person\",\"Organization\"],\"@id\":\"https:\\\/\\\/pavelvacha.com\\\/#\\\/schema\\\/person\\\/4fea209703d1082e110f4580fda6874f\",\"name\":\"Mgr. et Mgr. Pavel V\u00e1cha\",\"image\":{\"@type\":\"ImageObject\",\"inLanguage\":\"cs\",\"@id\":\"https:\\\/\\\/pavelvacha.com\\\/wp-content\\\/uploads\\\/2023\\\/11\\\/vacha.png\",\"url\":\"https:\\\/\\\/pavelvacha.com\\\/wp-content\\\/uploads\\\/2023\\\/11\\\/vacha.png\",\"contentUrl\":\"https:\\\/\\\/pavelvacha.com\\\/wp-content\\\/uploads\\\/2023\\\/11\\\/vacha.png\",\"width\":200,\"height\":200,\"caption\":\"Mgr. et Mgr. Pavel V\u00e1cha\"},\"logo\":{\"@id\":\"https:\\\/\\\/pavelvacha.com\\\/wp-content\\\/uploads\\\/2023\\\/11\\\/vacha.png\"},\"sameAs\":[\"https:\\\/\\\/pavelvacha.com\"]}]}<\/script>\n<!-- \/ Yoast SEO plugin. -->","yoast_head_json":{"title":"Cen\u00edk - Psychoterapie a kou\u010ding v Praze","robots":{"index":"index","follow":"follow","max-snippet":"max-snippet:-1","max-image-preview":"max-image-preview:large","max-video-preview":"max-video-preview:-1"},"canonical":"https:\/\/pavelvacha.com\/index.php\/cenik\/","og_locale":"cs_CZ","og_type":"article","og_title":"Cen\u00edk - Psychoterapie a kou\u010ding v Praze","og_description":"Individu\u00e1ln\u00ed terapie\/poradenstv\u00ed 60 min 1500 K\u010d 90 min 2000 K\u010d studenti 1300 K\u010d P\u00e1rov\u00e1 terapie\/poradenstv\u00ed 60 min 1600 K\u010d 90 min 2200 K\u010d P\u00e1rov\u00e1 se 2 terapeuty 60 min 2900 K\u010d 90 min 3700 K\u010d Kurzy a \u0161kolen\u00ed 1 den 18 500 K\u010d 2 dny 35 000 K\u010d Kou\u010dink 60 min 2 500 K\u010d mo\u017enost [&hellip;]","og_url":"https:\/\/pavelvacha.com\/index.php\/cenik\/","og_site_name":"Psychoterapie a kou\u010ding v Praze","article_modified_time":"2026-04-13T12:45:26+00:00","twitter_card":"summary_large_image","twitter_misc":{"Odhadovan\u00e1 doba \u010dten\u00ed":"1 minuta"},"schema":{"@context":"https:\/\/schema.org","@graph":[{"@type":"WebPage","@id":"https:\/\/pavelvacha.com\/index.php\/cenik\/","url":"https:\/\/pavelvacha.com\/index.php\/cenik\/","name":"Cen\u00edk - Psychoterapie a kou\u010ding v Praze","isPartOf":{"@id":"https:\/\/pavelvacha.com\/#website"},"datePublished":"2023-04-13T11:35:47+00:00","dateModified":"2026-04-13T12:45:26+00:00","breadcrumb":{"@id":"https:\/\/pavelvacha.com\/index.php\/cenik\/#breadcrumb"},"inLanguage":"cs","potentialAction":[{"@type":"ReadAction","target":["https:\/\/pavelvacha.com\/index.php\/cenik\/"]}]},{"@type":"BreadcrumbList","@id":"https:\/\/pavelvacha.com\/index.php\/cenik\/#breadcrumb","itemListElement":[{"@type":"ListItem","position":1,"name":"Dom\u016f","item":"https:\/\/pavelvacha.com\/"},{"@type":"ListItem","position":2,"name":"Cen\u00edk"}]},{"@type":"WebSite","@id":"https:\/\/pavelvacha.com\/#website","url":"https:\/\/pavelvacha.com\/","name":"Psychoterapie a kou\u010ding v Praze","description":"pomohu v\u00e1m pracovat se stresem, smutkem","publisher":{"@id":"https:\/\/pavelvacha.com\/#\/schema\/person\/4fea209703d1082e110f4580fda6874f"},"potentialAction":[{"@type":"SearchAction","target":{"@type":"EntryPoint","urlTemplate":"https:\/\/pavelvacha.com\/?s={search_term_string}"},"query-input":{"@type":"PropertyValueSpecification","valueRequired":true,"valueName":"search_term_string"}}],"inLanguage":"cs"},{"@type":["Person","Organization"],"@id":"https:\/\/pavelvacha.com\/#\/schema\/person\/4fea209703d1082e110f4580fda6874f","name":"Mgr. et Mgr. Pavel V\u00e1cha","image":{"@type":"ImageObject","inLanguage":"cs","@id":"https:\/\/pavelvacha.com\/wp-content\/uploads\/2023\/11\/vacha.png","url":"https:\/\/pavelvacha.com\/wp-content\/uploads\/2023\/11\/vacha.png","contentUrl":"https:\/\/pavelvacha.com\/wp-content\/uploads\/2023\/11\/vacha.png","width":200,"height":200,"caption":"Mgr. et Mgr. Pavel V\u00e1cha"},"logo":{"@id":"https:\/\/pavelvacha.com\/wp-content\/uploads\/2023\/11\/vacha.png"},"sameAs":["https:\/\/pavelvacha.com"]}]}},"_links":{"self":[{"href":"https:\/\/pavelvacha.com\/index.php\/wp-json\/wp\/v2\/pages\/5","targetHints":{"allow":["GET"]}}],"collection":[{"href":"https:\/\/pavelvacha.com\/index.php\/wp-json\/wp\/v2\/pages"}],"about":[{"href":"https:\/\/pavelvacha.com\/index.php\/wp-json\/wp\/v2\/types\/page"}],"author":[{"embeddable":true,"href":"https:\/\/pavelvacha.com\/index.php\/wp-json\/wp\/v2\/users\/1"}],"replies":[{"embeddable":true,"href":"https:\/\/pavelvacha.com\/index.php\/wp-json\/wp\/v2\/comments?post=5"}],"version-history":[{"count":88,"href":"https:\/\/pavelvacha.com\/index.php\/wp-json\/wp\/v2\/pages\/5\/revisions"}],"predecessor-version":[{"id":544,"href":"https:\/\/pavelvacha.com\/index.php\/wp-json\/wp\/v2\/pages\/5\/revisions\/544"}],"wp:attachment":[{"href":"https:\/\/pavelvacha.com\/index.php\/wp-json\/wp\/v2\/media?parent=5"}],"curies":[{"name":"wp","href":"https:\/\/api.w.org\/{rel}","templated":true}]}}