{"id":2,"date":"2023-04-13T13:31:44","date_gmt":"2023-04-13T11:31:44","guid":{"rendered":"https:\/\/pavelvacha.com\/?page_id=2"},"modified":"2025-03-19T13:45:44","modified_gmt":"2025-03-19T12:45:44","slug":"jak-tu-u-mne-probiha","status":"publish","type":"page","link":"https:\/\/pavelvacha.com\/index.php\/jak-tu-u-mne-probiha\/","title":{"rendered":"O mn\u011b"},"content":{"rendered":"\t\t<div data-elementor-type=\"wp-page\" data-elementor-id=\"2\" class=\"elementor elementor-2\">\n\t\t\t\t<div class=\"elementor-element elementor-element-bffcb6c e-flex e-con-boxed e-con e-parent\" data-id=\"bffcb6c\" data-element_type=\"container\" data-e-type=\"container\">\n\t\t\t\t\t<div class=\"e-con-inner\">\n\t\t<div class=\"elementor-element elementor-element-ce0ed79 e-con-full e-flex e-con e-child\" data-id=\"ce0ed79\" data-element_type=\"container\" data-e-type=\"container\">\n\t\t\t\t<div class=\"elementor-element elementor-element-235c9a6 elementor-widget elementor-widget-text-editor\" data-id=\"235c9a6\" data-element_type=\"widget\" data-e-type=\"widget\" data-widget_type=\"text-editor.default\">\n\t\t\t\t<div class=\"elementor-widget-container\">\n\t\t\t\t\t\t\t\t\t<h2>Mgr. et Mgr. Pavel V\u00e1cha<\/h2><ul><li>Jsem absolventem oboru soci\u00e1ln\u00ed pr\u00e1ce se zam\u011b\u0159en\u00edm na komunikaci a aplikovanou psychoterapii na Pra\u017esk\u00e9 vysok\u00e9 \u0161kole psychosoci\u00e1ln\u00edch studi\u00ed a Andragogika na Universit\u011b J.A. Komensk\u00e9ho<\/li><li>Absolvoval jsem \u00fapln\u00e9 psychoterapeutick\u00e9 vzd\u011bl\u00e1n\u00ed v daseinsanalytick\u00e9m sm\u011bru, hypnoterapeutick\u00fd v\u00fdcvik, Psychoterapeutickou fakultu a celo\u017eivotn\u00ed vzd\u011bl\u00e1v\u00e1n\u00ed v oblasti psychologie a dal\u0161\u00ed odborn\u00e9 kurzy a semin\u00e1\u0159e, nap\u0159. Krizov\u00e1 intervence, v\u00fdcvik v Aktivn\u00ed imaginaci a v Daseinsanalytick\u00e9m v\u00fdkladu sn\u016f.<\/li><li>P\u016fsob\u00edm jako lektor psychosoci\u00e1ln\u00edho v\u00fdcviku v Diakonick\u00e9 akademii<\/li><li>M\u00e1m dlouholetou zku\u0161enost s prost\u0159ed\u00edm korpor\u00e1tn\u00edch firem<\/li><li>Spolupracuji s INEP<\/li><li>P\u016fsob\u00edm jako poradce v <a href=\"https:\/\/www.saint-gobain.cz\/\" target=\"_blank\" rel=\"noopener\">Saint-Gobain<\/a><\/li><li><a href=\"https:\/\/www.migrena-help.cz\/\" target=\"_blank\" rel=\"noopener\">Migr\u00e9na Help<\/a><\/li><\/ul><div id=\"simple-translate\" class=\"simple-translate-light-theme\"><div><div class=\"simple-translate-button isShow\" style=\"background-image: url('moz-extension:\/\/e096656c-8484-4275-be5e-20bfe5084a21\/icons\/512.png'); height: 22px; width: 22px; top: 39px; left: -11px;\">\u00a0<\/div><div class=\"simple-translate-panel \" style=\"width: 300px; height: 200px; top: 0px; left: 0px; font-size: 13px;\"><div class=\"simple-translate-result-wrapper\" style=\"overflow: hidden;\"><div class=\"simple-translate-move\" draggable=\"true\">\u00a0<\/div><div class=\"simple-translate-result-contents\"><p class=\"simple-translate-result\" dir=\"auto\">\u00a0<\/p><p class=\"simple-translate-candidate\" dir=\"auto\">\u00a0<\/p><\/div><\/div><\/div><\/div><\/div>\t\t\t\t\t\t\t\t<\/div>\n\t\t\t\t<\/div>\n\t\t\t\t<\/div>\n\t\t<div class=\"elementor-element elementor-element-5738b84 e-con-full e-flex e-con e-child\" data-id=\"5738b84\" data-element_type=\"container\" data-e-type=\"container\">\n\t\t\t\t<div class=\"elementor-element elementor-element-22d357c elementor-widget elementor-widget-image\" data-id=\"22d357c\" data-element_type=\"widget\" data-e-type=\"widget\" data-widget_type=\"image.default\">\n\t\t\t\t<div class=\"elementor-widget-container\">\n\t\t\t\t\t\t\t\t\t\t\t\t\t\t\t<img fetchpriority=\"high\" decoding=\"async\" width=\"768\" height=\"618\" src=\"https:\/\/pavelvacha.com\/wp-content\/uploads\/2024\/02\/terapie-768x618.jpg\" class=\"attachment-medium_large size-medium_large wp-image-382\" alt=\"\" srcset=\"https:\/\/pavelvacha.com\/wp-content\/uploads\/2024\/02\/terapie-768x618.jpg 768w, https:\/\/pavelvacha.com\/wp-content\/uploads\/2024\/02\/terapie-300x242.jpg 300w, https:\/\/pavelvacha.com\/wp-content\/uploads\/2024\/02\/terapie-1024x825.jpg 1024w, https:\/\/pavelvacha.com\/wp-content\/uploads\/2024\/02\/terapie-1536x1237.jpg 1536w, https:\/\/pavelvacha.com\/wp-content\/uploads\/2024\/02\/terapie.jpg 2008w\" sizes=\"(max-width: 768px) 100vw, 768px\" \/>\t\t\t\t\t\t\t\t\t\t\t\t\t\t\t<\/div>\n\t\t\t\t<\/div>\n\t\t\t\t<\/div>\n\t\t<div class=\"elementor-element elementor-element-90a204e e-con-full e-flex e-con e-child\" data-id=\"90a204e\" data-element_type=\"container\" data-e-type=\"container\">\n\t\t\t\t<div class=\"elementor-element elementor-element-093905a elementor-widget elementor-widget-text-editor\" data-id=\"093905a\" data-element_type=\"widget\" data-e-type=\"widget\" data-widget_type=\"text-editor.default\">\n\t\t\t\t<div class=\"elementor-widget-container\">\n\t\t\t\t\t\t\t\t\t<p><strong>Jak u mne prob&iacute;h&aacute; setk&aacute;n&iacute;:<\/strong><\/p>\n<p>P\u0159iv&iacute;t&aacute;m v&aacute;s v prostor&aacute;ch, kde se minulost prol&iacute;n&aacute; s p\u0159&iacute;tomnost&iacute;. Moje kancel&aacute;\u0159, za\u0159&iacute;zen&aacute; ve stylu 20. let minul&eacute;ho stolet&iacute;, nab&iacute;z&iacute; klidn&eacute; a p\u0159&iacute;jemn&eacute; prost\u0159ed&iacute; pro rozhovor. Pohodln&aacute; k\u0159esla, tlumen&eacute; sv\u011btlo a atmosf&eacute;ra star&yacute;ch \u010das\u016f pom&aacute;haj&iacute; vytvo\u0159it bezpe\u010dn&yacute; prostor pro va&scaron;e my&scaron;lenky a pocity.<\/p>\n<p>Mezi sezen&iacute;mi s klienty m&aacute;m patn&aacute;ctiminutov&eacute; p\u0159est&aacute;vky, tak\u017ee ne\u010dek&aacute;te a p\u0159edchoz&iacute;ho klienta potk&aacute;te sp&iacute;&scaron;e v&yacute;jime\u010dn\u011b.<\/p>\n<p>Na za\u010d&aacute;tku setk&aacute;n&iacute; se spole\u010dn\u011b pod&iacute;v&aacute;me na to, co v&aacute;s p\u0159iv&aacute;d&iacute;, a domluv&iacute;me se na dal&scaron;&iacute;m postupu. Ka\u017ed&eacute; sezen&iacute; p\u0159izp\u016fsobuji va&scaron;im pot\u0159eb&aacute;m, a\u0165 u\u017e hled&aacute;te porozum\u011bn&iacute;, &uacute;levu nebo hlub&scaron;&iacute; zm\u011bnu. B\u011bhem rozhovoru si m\u016f\u017eete vychutnat k&aacute;vu, \u010daj nebo vodu.<\/p>\n<p>D\u016fle\u017eit&eacute; pro m\u011b je, abyste se c&iacute;tili dob\u0159e a vn&iacute;mali spole\u010dn&yacute; rozhovor jako jedine\u010dn&yacute; \u010das a prostor pro objevov&aacute;n&iacute; sebe sama.<\/p>\t\t\t\t\t\t\t\t<\/div>\n\t\t\t\t<\/div>\n\t\t\t\t<\/div>\n\t\t\t\t\t<\/div>\n\t\t\t\t<\/div>\n\t\t<div class=\"elementor-element elementor-element-61eb2ee e-flex e-con-boxed e-con e-parent\" data-id=\"61eb2ee\" data-element_type=\"container\" data-e-type=\"container\">\n\t\t\t\t\t<div class=\"e-con-inner\">\n\t\t\t\t<div class=\"elementor-element elementor-element-2e93f62 elementor-widget elementor-widget-spacer\" data-id=\"2e93f62\" data-element_type=\"widget\" data-e-type=\"widget\" data-widget_type=\"spacer.default\">\n\t\t\t\t<div class=\"elementor-widget-container\">\n\t\t\t\t\t\t\t<div class=\"elementor-spacer\">\n\t\t\t<div class=\"elementor-spacer-inner\"><\/div>\n\t\t<\/div>\n\t\t\t\t\t\t<\/div>\n\t\t\t\t<\/div>\n\t\t\t\t\t<\/div>\n\t\t\t\t<\/div>\n\t\t\t\t<\/div>\n\t\t","protected":false},"excerpt":{"rendered":"<p>Mgr. et Mgr. Pavel V\u00e1cha Jsem absolventem oboru soci\u00e1ln\u00ed pr\u00e1ce se zam\u011b\u0159en\u00edm na komunikaci a aplikovanou psychoterapii na Pra\u017esk\u00e9 vysok\u00e9 \u0161kole psychosoci\u00e1ln\u00edch studi\u00ed a Andragogika na Universit\u011b J.A. Komensk\u00e9ho Absolvoval jsem \u00fapln\u00e9 psychoterapeutick\u00e9 vzd\u011bl\u00e1n\u00ed v daseinsanalytick\u00e9m sm\u011bru, hypnoterapeutick\u00fd v\u00fdcvik, Psychoterapeutickou fakultu a celo\u017eivotn\u00ed vzd\u011bl\u00e1v\u00e1n\u00ed v oblasti psychologie a dal\u0161\u00ed odborn\u00e9 kurzy a semin\u00e1\u0159e, nap\u0159. Krizov\u00e1 [&hellip;]<\/p>\n","protected":false},"author":1,"featured_media":0,"parent":0,"menu_order":0,"comment_status":"closed","ping_status":"open","template":"","meta":{"footnotes":""},"class_list":["post-2","page","type-page","status-publish","hentry"],"yoast_head":"<!-- This site is optimized with the Yoast SEO plugin v27.3 - https:\/\/yoast.com\/product\/yoast-seo-wordpress\/ -->\n<title>O mn\u011b - Psychoterapie a kou\u010ding v Praze<\/title>\n<meta name=\"robots\" content=\"index, follow, max-snippet:-1, max-image-preview:large, max-video-preview:-1\" \/>\n<link rel=\"canonical\" href=\"https:\/\/pavelvacha.com\/index.php\/jak-tu-u-mne-probiha\/\" \/>\n<meta property=\"og:locale\" content=\"cs_CZ\" \/>\n<meta property=\"og:type\" content=\"article\" \/>\n<meta property=\"og:title\" content=\"O mn\u011b - Psychoterapie a kou\u010ding v Praze\" \/>\n<meta property=\"og:description\" content=\"Mgr. et Mgr. Pavel V\u00e1cha Jsem absolventem oboru soci\u00e1ln\u00ed pr\u00e1ce se zam\u011b\u0159en\u00edm na komunikaci a aplikovanou psychoterapii na Pra\u017esk\u00e9 vysok\u00e9 \u0161kole psychosoci\u00e1ln\u00edch studi\u00ed a Andragogika na Universit\u011b J.A. Komensk\u00e9ho Absolvoval jsem \u00fapln\u00e9 psychoterapeutick\u00e9 vzd\u011bl\u00e1n\u00ed v daseinsanalytick\u00e9m sm\u011bru, hypnoterapeutick\u00fd v\u00fdcvik, Psychoterapeutickou fakultu a celo\u017eivotn\u00ed vzd\u011bl\u00e1v\u00e1n\u00ed v oblasti psychologie a dal\u0161\u00ed odborn\u00e9 kurzy a semin\u00e1\u0159e, nap\u0159. Krizov\u00e1 [&hellip;]\" \/>\n<meta property=\"og:url\" content=\"https:\/\/pavelvacha.com\/index.php\/jak-tu-u-mne-probiha\/\" \/>\n<meta property=\"og:site_name\" content=\"Psychoterapie a kou\u010ding v Praze\" \/>\n<meta property=\"article:modified_time\" content=\"2025-03-19T12:45:44+00:00\" \/>\n<meta property=\"og:image\" content=\"https:\/\/pavelvacha.com\/wp-content\/uploads\/2024\/02\/terapie-768x618.jpg\" \/>\n<meta name=\"twitter:card\" content=\"summary_large_image\" \/>\n<meta name=\"twitter:label1\" content=\"Odhadovan\u00e1 doba \u010dten\u00ed\" \/>\n\t<meta name=\"twitter:data1\" content=\"2 minuty\" \/>\n<script type=\"application\/ld+json\" class=\"yoast-schema-graph\">{\"@context\":\"https:\\\/\\\/schema.org\",\"@graph\":[{\"@type\":\"WebPage\",\"@id\":\"https:\\\/\\\/pavelvacha.com\\\/index.php\\\/jak-tu-u-mne-probiha\\\/\",\"url\":\"https:\\\/\\\/pavelvacha.com\\\/index.php\\\/jak-tu-u-mne-probiha\\\/\",\"name\":\"O mn\u011b - Psychoterapie a kou\u010ding v Praze\",\"isPartOf\":{\"@id\":\"https:\\\/\\\/pavelvacha.com\\\/#website\"},\"primaryImageOfPage\":{\"@id\":\"https:\\\/\\\/pavelvacha.com\\\/index.php\\\/jak-tu-u-mne-probiha\\\/#primaryimage\"},\"image\":{\"@id\":\"https:\\\/\\\/pavelvacha.com\\\/index.php\\\/jak-tu-u-mne-probiha\\\/#primaryimage\"},\"thumbnailUrl\":\"https:\\\/\\\/pavelvacha.com\\\/wp-content\\\/uploads\\\/2024\\\/02\\\/terapie-768x618.jpg\",\"datePublished\":\"2023-04-13T11:31:44+00:00\",\"dateModified\":\"2025-03-19T12:45:44+00:00\",\"breadcrumb\":{\"@id\":\"https:\\\/\\\/pavelvacha.com\\\/index.php\\\/jak-tu-u-mne-probiha\\\/#breadcrumb\"},\"inLanguage\":\"cs\",\"potentialAction\":[{\"@type\":\"ReadAction\",\"target\":[\"https:\\\/\\\/pavelvacha.com\\\/index.php\\\/jak-tu-u-mne-probiha\\\/\"]}]},{\"@type\":\"ImageObject\",\"inLanguage\":\"cs\",\"@id\":\"https:\\\/\\\/pavelvacha.com\\\/index.php\\\/jak-tu-u-mne-probiha\\\/#primaryimage\",\"url\":\"https:\\\/\\\/pavelvacha.com\\\/wp-content\\\/uploads\\\/2024\\\/02\\\/terapie.jpg\",\"contentUrl\":\"https:\\\/\\\/pavelvacha.com\\\/wp-content\\\/uploads\\\/2024\\\/02\\\/terapie.jpg\",\"width\":2008,\"height\":1617},{\"@type\":\"BreadcrumbList\",\"@id\":\"https:\\\/\\\/pavelvacha.com\\\/index.php\\\/jak-tu-u-mne-probiha\\\/#breadcrumb\",\"itemListElement\":[{\"@type\":\"ListItem\",\"position\":1,\"name\":\"Dom\u016f\",\"item\":\"https:\\\/\\\/pavelvacha.com\\\/\"},{\"@type\":\"ListItem\",\"position\":2,\"name\":\"O mn\u011b\"}]},{\"@type\":\"WebSite\",\"@id\":\"https:\\\/\\\/pavelvacha.com\\\/#website\",\"url\":\"https:\\\/\\\/pavelvacha.com\\\/\",\"name\":\"Psychoterapie a kou\u010ding v Praze\",\"description\":\"pomohu v\u00e1m pracovat se stresem, smutkem\",\"publisher\":{\"@id\":\"https:\\\/\\\/pavelvacha.com\\\/#\\\/schema\\\/person\\\/4fea209703d1082e110f4580fda6874f\"},\"potentialAction\":[{\"@type\":\"SearchAction\",\"target\":{\"@type\":\"EntryPoint\",\"urlTemplate\":\"https:\\\/\\\/pavelvacha.com\\\/?s={search_term_string}\"},\"query-input\":{\"@type\":\"PropertyValueSpecification\",\"valueRequired\":true,\"valueName\":\"search_term_string\"}}],\"inLanguage\":\"cs\"},{\"@type\":[\"Person\",\"Organization\"],\"@id\":\"https:\\\/\\\/pavelvacha.com\\\/#\\\/schema\\\/person\\\/4fea209703d1082e110f4580fda6874f\",\"name\":\"Mgr. et Mgr. Pavel V\u00e1cha\",\"image\":{\"@type\":\"ImageObject\",\"inLanguage\":\"cs\",\"@id\":\"https:\\\/\\\/pavelvacha.com\\\/wp-content\\\/uploads\\\/2023\\\/11\\\/vacha.png\",\"url\":\"https:\\\/\\\/pavelvacha.com\\\/wp-content\\\/uploads\\\/2023\\\/11\\\/vacha.png\",\"contentUrl\":\"https:\\\/\\\/pavelvacha.com\\\/wp-content\\\/uploads\\\/2023\\\/11\\\/vacha.png\",\"width\":200,\"height\":200,\"caption\":\"Mgr. et Mgr. Pavel V\u00e1cha\"},\"logo\":{\"@id\":\"https:\\\/\\\/pavelvacha.com\\\/wp-content\\\/uploads\\\/2023\\\/11\\\/vacha.png\"},\"sameAs\":[\"https:\\\/\\\/pavelvacha.com\"]}]}<\/script>\n<!-- \/ Yoast SEO plugin. -->","yoast_head_json":{"title":"O mn\u011b - Psychoterapie a kou\u010ding v Praze","robots":{"index":"index","follow":"follow","max-snippet":"max-snippet:-1","max-image-preview":"max-image-preview:large","max-video-preview":"max-video-preview:-1"},"canonical":"https:\/\/pavelvacha.com\/index.php\/jak-tu-u-mne-probiha\/","og_locale":"cs_CZ","og_type":"article","og_title":"O mn\u011b - Psychoterapie a kou\u010ding v Praze","og_description":"Mgr. et Mgr. Pavel V\u00e1cha Jsem absolventem oboru soci\u00e1ln\u00ed pr\u00e1ce se zam\u011b\u0159en\u00edm na komunikaci a aplikovanou psychoterapii na Pra\u017esk\u00e9 vysok\u00e9 \u0161kole psychosoci\u00e1ln\u00edch studi\u00ed a Andragogika na Universit\u011b J.A. Komensk\u00e9ho Absolvoval jsem \u00fapln\u00e9 psychoterapeutick\u00e9 vzd\u011bl\u00e1n\u00ed v daseinsanalytick\u00e9m sm\u011bru, hypnoterapeutick\u00fd v\u00fdcvik, Psychoterapeutickou fakultu a celo\u017eivotn\u00ed vzd\u011bl\u00e1v\u00e1n\u00ed v oblasti psychologie a dal\u0161\u00ed odborn\u00e9 kurzy a semin\u00e1\u0159e, nap\u0159. Krizov\u00e1 [&hellip;]","og_url":"https:\/\/pavelvacha.com\/index.php\/jak-tu-u-mne-probiha\/","og_site_name":"Psychoterapie a kou\u010ding v Praze","article_modified_time":"2025-03-19T12:45:44+00:00","og_image":[{"url":"https:\/\/pavelvacha.com\/wp-content\/uploads\/2024\/02\/terapie-768x618.jpg","type":"","width":"","height":""}],"twitter_card":"summary_large_image","twitter_misc":{"Odhadovan\u00e1 doba \u010dten\u00ed":"2 minuty"},"schema":{"@context":"https:\/\/schema.org","@graph":[{"@type":"WebPage","@id":"https:\/\/pavelvacha.com\/index.php\/jak-tu-u-mne-probiha\/","url":"https:\/\/pavelvacha.com\/index.php\/jak-tu-u-mne-probiha\/","name":"O mn\u011b - Psychoterapie a kou\u010ding v Praze","isPartOf":{"@id":"https:\/\/pavelvacha.com\/#website"},"primaryImageOfPage":{"@id":"https:\/\/pavelvacha.com\/index.php\/jak-tu-u-mne-probiha\/#primaryimage"},"image":{"@id":"https:\/\/pavelvacha.com\/index.php\/jak-tu-u-mne-probiha\/#primaryimage"},"thumbnailUrl":"https:\/\/pavelvacha.com\/wp-content\/uploads\/2024\/02\/terapie-768x618.jpg","datePublished":"2023-04-13T11:31:44+00:00","dateModified":"2025-03-19T12:45:44+00:00","breadcrumb":{"@id":"https:\/\/pavelvacha.com\/index.php\/jak-tu-u-mne-probiha\/#breadcrumb"},"inLanguage":"cs","potentialAction":[{"@type":"ReadAction","target":["https:\/\/pavelvacha.com\/index.php\/jak-tu-u-mne-probiha\/"]}]},{"@type":"ImageObject","inLanguage":"cs","@id":"https:\/\/pavelvacha.com\/index.php\/jak-tu-u-mne-probiha\/#primaryimage","url":"https:\/\/pavelvacha.com\/wp-content\/uploads\/2024\/02\/terapie.jpg","contentUrl":"https:\/\/pavelvacha.com\/wp-content\/uploads\/2024\/02\/terapie.jpg","width":2008,"height":1617},{"@type":"BreadcrumbList","@id":"https:\/\/pavelvacha.com\/index.php\/jak-tu-u-mne-probiha\/#breadcrumb","itemListElement":[{"@type":"ListItem","position":1,"name":"Dom\u016f","item":"https:\/\/pavelvacha.com\/"},{"@type":"ListItem","position":2,"name":"O mn\u011b"}]},{"@type":"WebSite","@id":"https:\/\/pavelvacha.com\/#website","url":"https:\/\/pavelvacha.com\/","name":"Psychoterapie a kou\u010ding v Praze","description":"pomohu v\u00e1m pracovat se stresem, smutkem","publisher":{"@id":"https:\/\/pavelvacha.com\/#\/schema\/person\/4fea209703d1082e110f4580fda6874f"},"potentialAction":[{"@type":"SearchAction","target":{"@type":"EntryPoint","urlTemplate":"https:\/\/pavelvacha.com\/?s={search_term_string}"},"query-input":{"@type":"PropertyValueSpecification","valueRequired":true,"valueName":"search_term_string"}}],"inLanguage":"cs"},{"@type":["Person","Organization"],"@id":"https:\/\/pavelvacha.com\/#\/schema\/person\/4fea209703d1082e110f4580fda6874f","name":"Mgr. et Mgr. Pavel V\u00e1cha","image":{"@type":"ImageObject","inLanguage":"cs","@id":"https:\/\/pavelvacha.com\/wp-content\/uploads\/2023\/11\/vacha.png","url":"https:\/\/pavelvacha.com\/wp-content\/uploads\/2023\/11\/vacha.png","contentUrl":"https:\/\/pavelvacha.com\/wp-content\/uploads\/2023\/11\/vacha.png","width":200,"height":200,"caption":"Mgr. et Mgr. Pavel V\u00e1cha"},"logo":{"@id":"https:\/\/pavelvacha.com\/wp-content\/uploads\/2023\/11\/vacha.png"},"sameAs":["https:\/\/pavelvacha.com"]}]}},"_links":{"self":[{"href":"https:\/\/pavelvacha.com\/index.php\/wp-json\/wp\/v2\/pages\/2","targetHints":{"allow":["GET"]}}],"collection":[{"href":"https:\/\/pavelvacha.com\/index.php\/wp-json\/wp\/v2\/pages"}],"about":[{"href":"https:\/\/pavelvacha.com\/index.php\/wp-json\/wp\/v2\/types\/page"}],"author":[{"embeddable":true,"href":"https:\/\/pavelvacha.com\/index.php\/wp-json\/wp\/v2\/users\/1"}],"replies":[{"embeddable":true,"href":"https:\/\/pavelvacha.com\/index.php\/wp-json\/wp\/v2\/comments?post=2"}],"version-history":[{"count":56,"href":"https:\/\/pavelvacha.com\/index.php\/wp-json\/wp\/v2\/pages\/2\/revisions"}],"predecessor-version":[{"id":530,"href":"https:\/\/pavelvacha.com\/index.php\/wp-json\/wp\/v2\/pages\/2\/revisions\/530"}],"wp:attachment":[{"href":"https:\/\/pavelvacha.com\/index.php\/wp-json\/wp\/v2\/media?parent=2"}],"curies":[{"name":"wp","href":"https:\/\/api.w.org\/{rel}","templated":true}]}}